{"id":152,"date":"2022-11-29T09:36:16","date_gmt":"2022-11-29T09:36:16","guid":{"rendered":"http:\/\/freshsupply.es\/politica-de-privacidad\/"},"modified":"2022-12-05T10:04:53","modified_gmt":"2022-12-05T10:04:53","slug":"politica-de-privacidade","status":"publish","type":"page","link":"https:\/\/freshsupply.es\/pt-pt\/politica-de-privacidade\/","title":{"rendered":"Pol\u00edtica de Privacidade"},"content":{"rendered":"\n<p><strong>1. Pol\u00edtica de Privacidade e Seguran\u00e7a<\/strong><\/p>\n\n\n\n<p>As informa\u00e7\u00f5es seguintes sobre a nossa Pol\u00edtica de Privacidade refletem o compromisso da FRESH SUPPLY, S.L., com o NIF B98999717 e sede social em C\/ L\u00b4estret 18 Bj, c\u00f3digo postal 46230 de Alginet (Val\u00eancia \u2013 Espanha), na qualidade de respons\u00e1vel pelo tratamento, em manter e garantir rela\u00e7\u00f5es comerciais seguras mediante a prote\u00e7\u00e3o dos dados pessoais, garantindo o direito \u00e0 privacidade de todos os utilizadores dos nossos servi\u00e7os. Neste documento, explicamos como utilizamos os dados pessoais quando usa os nossos servi\u00e7os:<\/p>\n\n\n\n<p><strong>2. Defini\u00e7\u00e3o de dados pessoais<\/strong><\/p>\n\n\n\n<p>Como \u201cDados Pessoais\u201d devemos entender quaisquer informa\u00e7\u00f5es relativas a uma pessoa natural identificada ou identific\u00e1vel. Entre outros, incluem o nome, apelidos, os endere\u00e7os postal e eletr\u00f3nico, bem como o n\u00famero de telefone.<\/p>\n\n\n\n<p><strong>3. Tratamentos e finalidades dos dados recolhidos<\/strong><\/p>\n\n\n\n<p>Quaisquer dados pessoais que nos forne\u00e7a quando visitar o nosso portal Web ser\u00e3o tratados de acordo com as normas de prote\u00e7\u00e3o de dados e apenas ser\u00e3o recolhidos, tratados e utilizados para fins l\u00edcitos, leg\u00edtimos e informados. Assim, indicamos em detalhe todas as finalidades para as quais a FRESH SUPPLY utiliza os seus dados pessoais:<\/p>\n\n\n\n<ul class=\"wp-block-list\">\n<li><strong>Atrav\u00e9s do envio de formul\u00e1rios de contacto ou e-mails:<\/strong><strong><\/strong><\/li>\n<\/ul>\n\n\n\n<ul class=\"wp-block-list\">\n<li>Finalidade: poder responder \u00e0s consultas efetuadas e contactar o utilizador para esclarecer as d\u00favidas ou quest\u00f5es suscitadas.<\/li>\n\n\n\n<li>Fundamento: o fundamento jur\u00eddico para o tratamento dos dados \u00e9 a execu\u00e7\u00e3o das medidas pr\u00e9-contratuais solicitadas e\/ou o consentimento dado.<\/li>\n\n\n\n<li>Prazos de conserva\u00e7\u00e3o: os dados ser\u00e3o conservados durante o tempo necess\u00e1rio para responder \u00e0s quest\u00f5es suscitadas.<\/li>\n<\/ul>\n\n\n\n<p>A FRESH SUPPLY informar\u00e1 todos os utilizadores sobre o car\u00e1ter n\u00e3o obrigat\u00f3rio da recolha de determinados dados pessoais, exceto nos campos em que se indique o contr\u00e1rio. No entanto, o n\u00e3o preenchimento de tais dados poder\u00e1 impedir a FRESH SUPPLY de prestar todos os Servi\u00e7os associados aos mesmos, exonerando-nos de toda a responsabilidade pela n\u00e3o presta\u00e7\u00e3o ou pela presta\u00e7\u00e3o incompleta desses Servi\u00e7os.<\/p>\n\n\n\n<p>O utilizador tem a obriga\u00e7\u00e3o de fornecer dados fidedignos e mant\u00ea-los atualizados, pelo que a FRESH SUPPLY se reserva o direito de proceder ao cancelamento dos servi\u00e7os de qualquer utilizador que tenha fornecido dados falsos, sem preju\u00edzo das outras medidas previstas na Lei.<\/p>\n\n\n\n<p>Os seus dados pessoais N\u00c3O ser\u00e3o comunicados a nenhuma outra empresa. Caso seja necess\u00e1rio comunicar as suas informa\u00e7\u00f5es a outra entidade, ser\u00e1 solicitado o seu consentimento expresso antes de realizar a comunica\u00e7\u00e3o.<\/p>\n\n\n\n<p><strong>4. Seguran\u00e7a dos seus dados pessoais<\/strong><strong><\/strong><\/p>\n\n\n\n<p>A FRESH SUPPLY est\u00e1 empenhada em garantir a seguran\u00e7a dos seus dados pessoais. Os seus dados s\u00e3o armazenados nos nossos sistemas de informa\u00e7\u00e3o, onde adot\u00e1mos e implement\u00e1mos medidas de seguran\u00e7a, t\u00e9cnicas e organizativas para prevenir qualquer perda ou utiliza\u00e7\u00e3o n\u00e3o autorizada por parte de terceiros. Por exemplo, os nossos portais Web utilizam protocolos de encripta\u00e7\u00e3o de dados Https.<\/p>\n\n\n\n<p><strong>5. Informa\u00e7\u00f5es sobre a utiliza\u00e7\u00e3o de cookies<\/strong><\/p>\n\n\n\n<p>Pelo simples facto de visitar o presente portal Web ou utilizar os servi\u00e7os da FRESH SUPPLY n\u00e3o ficam registados automaticamente quaisquer dados pessoais que identifiquem um Utilizador. No entanto, informamos que durante a navega\u00e7\u00e3o pelo website, s\u00e3o utilizados \u201ccookies\u201d, pequenos ficheiros de dados gerados no computador do utilizador, que nos permitem obter as seguintes informa\u00e7\u00f5es anal\u00edticas:<\/p>\n\n\n\n<p>a) A data e hora do acesso ao website, permitindo saber as horas de maior aflu\u00eancia e fazer os ajustes necess\u00e1rios para evitar problemas de satura\u00e7\u00e3o nos nossos hor\u00e1rios de pico.<\/p>\n\n\n\n<p>b) O n\u00famero de visitantes di\u00e1rios de cada sec\u00e7\u00e3o, permitindo saber quais s\u00e3o as \u00e1reas com mais sucesso, bem como aumentar e melhorar os seus conte\u00fados, para que os utilizadores tenham um resultado mais satisfat\u00f3rio e para poder melhorar a conce\u00e7\u00e3o dos conte\u00fados.<\/p>\n\n\n\n<p>c) A data e hora da \u00faltima vez que o utilizador visitou o Website, para realizar estudos anal\u00edticos e estat\u00edsticos sobre a sua utiliza\u00e7\u00e3o do mesmo.<\/p>\n\n\n\n<p>d) Elementos de seguran\u00e7a envolvidos no controlo do acesso a \u00e1reas restritas.<\/p>\n\n\n\n<p>Para mais informa\u00e7\u00f5es, consulte a nossa <strong><a href=\"https:\/\/freshsupply.es\/pt-pt\/politica-de-cookies\/\" data-type=\"page\" data-id=\"155\">pol\u00edtica de cookies<\/a><\/strong><\/p>\n\n\n\n<p><strong>6. Direitos dos utilizadores.<\/strong><\/p>\n\n\n\n<p>Quando aplic\u00e1vel, todos os utilizadores podem exercer qualquer um dos direitos que lhes s\u00e3o concedidos pela legisla\u00e7\u00e3o de prote\u00e7\u00e3o de dados, como os direitos de acesso, retifica\u00e7\u00e3o, limita\u00e7\u00e3o do tratamento, apagamento, portabilidade dos dados e oposi\u00e7\u00e3o, mediante o envio de uma comunica\u00e7\u00e3o por escrito para o e-mail do nosso encarregado da prote\u00e7\u00e3o de dados em <a href=\"mailto:info@freshsupply.es\">info@freshsupply.es<\/a>. Caso o considere oportuno, tamb\u00e9m poder\u00e1 apresentar uma reclama\u00e7\u00e3o junto da Ag\u00eancia Espanhola de Prote\u00e7\u00e3o de Dados.<\/p>\n\n\n\n<p><strong>7. N\u00e3o deseja receber informa\u00e7\u00f5es nossas ou pretende revogar o sue consentimento?<\/strong><\/p>\n\n\n\n<p>Qualquer utilizador pode opor-se \u00e0 utiliza\u00e7\u00e3o das suas informa\u00e7\u00f5es para fins publicit\u00e1rios, de pesquisas de mercado ou realiza\u00e7\u00e3o de inqu\u00e9ritos de satisfa\u00e7\u00e3o, bem como revogar o seu consentimento a qualquer momento (sem efeitos retroativos). Para tal, dever\u00e1 enviar um e-mail para <a href=\"mailto:info@freshsupply.es\">info@freshsupply.es<\/a>.\u00a0 Quando receber publicidade por e-mail, tamb\u00e9m poder\u00e1 manifestar a sua oposi\u00e7\u00e3o a partir do referido e-mail, ao clicar na liga\u00e7\u00e3o inclu\u00edda e seguir as instru\u00e7\u00f5es facultadas para o efeito.<\/p>\n\n\n\n<p><strong>8. Altera\u00e7\u00f5es \u00e0 Pol\u00edtica de Privacidade.<\/strong><\/p>\n\n\n\n<p>A nossa Pol\u00edtica de Privacidade poder\u00e1 sofrer atualiza\u00e7\u00f5es, devido a altera\u00e7\u00f5es e necessidades jur\u00eddicas, bem como melhorias e mudan\u00e7as na forma como oferecemos e prestamos os nossos servi\u00e7os. Por isso, recomendamos que aceda e consulte a nossa Pol\u00edtica de Privacidade periodicamente, para ter acesso e conhecer as \u00faltimas altera\u00e7\u00f5es efetuadas \u00e0 mesma. Caso tais altera\u00e7\u00f5es estejam relacionadas com o consentimento dado pelo utilizador, ser-lhe-\u00e1 enviada uma notifica\u00e7\u00e3o independente e em separado, para dar novamente tal consentimento.<\/p>\n\n\n\n<p>Se, durante a leitura, surgir alguma d\u00favida ou quest\u00e3o sobre a nossa Pol\u00edtica de Privacidade, ou caso pretenda exercer algum direito ou adotar qualquer medida relativamente aos seus dados pessoais, contacte-nos atrav\u00e9s do endere\u00e7o de e-mail <a href=\"mailto:info@freshsupply.es\">info@freshsupply.es<\/a><\/p>\n","protected":false},"excerpt":{"rendered":"<p>1. Pol\u00edtica de Privacidade e Seguran\u00e7a As informa\u00e7\u00f5es seguintes sobre a nossa Pol\u00edtica de Privacidade refletem o compromisso da FRESH SUPPLY, S.L., com o NIF B98999717 e sede social em C\/ L\u00b4estret 18 Bj, c\u00f3digo postal 46230 de Alginet (Val\u00eancia \u2013 Espanha), na qualidade de respons\u00e1vel pelo tratamento, em manter e garantir rela\u00e7\u00f5es comerciais seguras [&hellip;]<\/p>\n","protected":false},"author":1,"featured_media":0,"parent":0,"menu_order":0,"comment_status":"closed","ping_status":"closed","template":"","meta":{"footnotes":""},"class_list":["post-152","page","type-page","status-publish","hentry"],"acf":[],"_links":{"self":[{"href":"https:\/\/freshsupply.es\/pt-pt\/wp-json\/wp\/v2\/pages\/152","targetHints":{"allow":["GET"]}}],"collection":[{"href":"https:\/\/freshsupply.es\/pt-pt\/wp-json\/wp\/v2\/pages"}],"about":[{"href":"https:\/\/freshsupply.es\/pt-pt\/wp-json\/wp\/v2\/types\/page"}],"author":[{"embeddable":true,"href":"https:\/\/freshsupply.es\/pt-pt\/wp-json\/wp\/v2\/users\/1"}],"replies":[{"embeddable":true,"href":"https:\/\/freshsupply.es\/pt-pt\/wp-json\/wp\/v2\/comments?post=152"}],"version-history":[{"count":2,"href":"https:\/\/freshsupply.es\/pt-pt\/wp-json\/wp\/v2\/pages\/152\/revisions"}],"predecessor-version":[{"id":161,"href":"https:\/\/freshsupply.es\/pt-pt\/wp-json\/wp\/v2\/pages\/152\/revisions\/161"}],"wp:attachment":[{"href":"https:\/\/freshsupply.es\/pt-pt\/wp-json\/wp\/v2\/media?parent=152"}],"curies":[{"name":"wp","href":"https:\/\/api.w.org\/{rel}","templated":true}]}}