{"id":155,"date":"2022-11-29T09:37:26","date_gmt":"2022-11-29T09:37:26","guid":{"rendered":"http:\/\/freshsupply.es\/politica-de-cookies\/"},"modified":"2022-12-29T08:10:37","modified_gmt":"2022-12-29T08:10:37","slug":"politica-de-cookies","status":"publish","type":"page","link":"https:\/\/freshsupply.es\/pt-pt\/politica-de-cookies\/","title":{"rendered":"Pol\u00edtica de Cookies"},"content":{"rendered":"\n<p>As informa\u00e7\u00f5es seguintes sobre a nossa Pol\u00edtica de Cookies refletem o compromisso da FRESH SUPPLY, S.L., com o NIF B98999717 e sede social em C\/ L\u00b4estret 18 Bj, c\u00f3digo postal 46230 de Alginet (Val\u00eancia \u2013 Espanha), na qualidade de respons\u00e1vel pelo tratamento, em utilizar cookies e tecnologias semelhantes garantindo o direito \u00e0 privacidade de todos os utilizadores dos nossos servi\u00e7os. Neste documento, explicamos como utilizamos os cookies e tecnologias semelhantes quando usa os nossos servi\u00e7os:<\/p>\n\n\n\n<p><strong>1. DESCRI\u00c7\u00c3O DOS COOKIES<\/strong><\/p>\n\n\n\n<p>Um \u201cCookie\u201d \u00e9 um pequeno ficheiro de texto que um website armazena no navegador do utilizador, facilitando a navega\u00e7\u00e3o por uma p\u00e1gina Web, e que \u00e9 essencial para o funcionamento da Internet.<\/p>\n\n\n\n<p>Os cookies s\u00e3o utilizados, por exemplo, para recordar os gostos dos utilizadores no website: idioma, navegador utilizado; para analisar os h\u00e1bitos e comportamentos do utilizador, com vista a melhorar os servi\u00e7os oferecidos; ou para adequar os conte\u00fados de um website \u00e0s prefer\u00eancias do visitante.<\/p>\n\n\n\n<p><strong>2. QUE TIPO DE COOKIES UTILIZAMOS<\/strong><\/p>\n\n\n\n<p>CONSOANTE A ENTIDADE QUE OS GERE<\/p>\n\n\n\n<ul class=\"wp-block-list\">\n<li>Cookies originais: s\u00e3o aqueles que s\u00e3o enviados para o seu equipamento a partir dos nossos equipamentos ou dom\u00ednios, a partir dos quais prestamos o servi\u00e7o que nos solicita.<\/li>\n\n\n\n<li>Cookies de terceiros: s\u00e3o aqueles que s\u00e3o enviados para o seu equipamento a partir de um equipamento ou dom\u00ednio que n\u00e3o \u00e9 gerido por n\u00f3s, mas sim por outra entidade colaboradora, como por exemplo, os utilizados pelas redes sociais ou por conte\u00fados externos.<\/li>\n<\/ul>\n\n\n\n<p>CONSOANTE O PRAZO QUE PERMANECEM ATIVOS<\/p>\n\n\n\n<ul class=\"wp-block-list\">\n<li>Cookies de sess\u00e3o: s\u00e3o cookies tempor\u00e1rios, que permanecem no arquivo de cookies do seu navegador at\u00e9 sair do website, pelo que nenhum fica registado no disco r\u00edgido do seu computador. As informa\u00e7\u00f5es obtidas atrav\u00e9s destes cookies servem para analisar os padr\u00f5es de tr\u00e1fego no website. A largo prazo, isto permite-nos proporcionar uma melhor experi\u00eancia, melhorando os conte\u00fados e facilitando a sua utiliza\u00e7\u00e3o.<\/li>\n\n\n\n<li>Cookies persistentes: s\u00e3o armazenados no disco r\u00edgido e o nosso website l\u00ea os mesmos sempre que faz uma nova visita. Um website permanente tem uma determinada data de validade. O cookie deixar\u00e1 de funcionar ap\u00f3s esta data. Regra geral, utilizamos estes cookies para facilitar os servi\u00e7os de compra e registo.<\/li>\n<\/ul>\n\n\n\n<p>CONSOANTE A SUA FINALIDADE<\/p>\n\n\n\n<ul class=\"wp-block-list\">\n<li>Estritamente necess\u00e1rios: estes cookies s\u00e3o necess\u00e1rios para facilitar a navega\u00e7\u00e3o correta pelo nosso website e garantem que o conte\u00fado \u00e9 carregado eficazmente, permitindo a devida utiliza\u00e7\u00e3o das diferentes op\u00e7\u00f5es ou servi\u00e7os existentes no mesmo, como por exemplo, realizar o processo de compra ou controlar as fraudes associadas \u00e0 seguran\u00e7a do servi\u00e7o. Incluem cookies anal\u00edticos e agregados para controlar o tr\u00e1fego do website e as p\u00e1ginas visitadas.<\/li>\n\n\n\n<li>Anal\u00edticos e de otimiza\u00e7\u00e3o: estes cookies s\u00e3o originais ou de terceiros e permitem-nos otimizar a sua experi\u00eancia no website, avaliando o seu desempenho e melhorando o mesmo, ao adicionar novas funcionalidades.<\/li>\n\n\n\n<li>Personaliza\u00e7\u00e3o: permitem guardar informa\u00e7\u00f5es sobre as prefer\u00eancias do utilizador, para melhorar a qualidade dos nossos servi\u00e7os e oferecer uma experi\u00eancia melhor, atrav\u00e9s de produtos recomendados. Alguns podem ser multidispositivo.<\/li>\n\n\n\n<li>Publicidade comportamental: estes cookies s\u00e3o utilizados para armazenar informa\u00e7\u00f5es sobre o comportamento dos utilizadores, obtidas atrav\u00e9s da observa\u00e7\u00e3o cont\u00ednua. Gra\u00e7as a eles, podemos conhecer os h\u00e1bitos de navega\u00e7\u00e3o no website e mostrar publicidade relacionada com o seu perfil de navega\u00e7\u00e3o.<\/li>\n<\/ul>\n\n\n\n<p>Em seguida, descrevemos que tipos de cookies utilizamos e as respetivas finalidades, podendo disponibilizar informa\u00e7\u00f5es adicionais sobre cada um dos cookies, bem como sobre a sua dura\u00e7\u00e3o, na seguinte lista:<\/p>\n\n\n<script\n\t\ttype=\"text\/javascript\"\n\t\tid=\"CookieDeclaration\"\n\t\tsrc=\"https:\/\/consent.cookiebot.com\/6c8062ca-7fbb-455b-8598-7c7ed4f88c44\/cd.js\"\n\t\t\t\t\tdata-culture=\"PT\"\n\t\t\t\tasync><\/script>\n\n\n\n\n<p><strong>3. FUNDAMENTO JUR\u00cdDICO PARA A UTILIZA\u00c7\u00c3O DE COOKIES<\/strong><\/p>\n\n\n\n<p>O fundamento jur\u00eddico para a utiliza\u00e7\u00e3o dos cookies estritamente funcionais \u00e9 que o tratamento \u00e9 necess\u00e1rio para o cumprimento de uma obriga\u00e7\u00e3o legal, nos termos da Lei 34\/2002 relativa aos Servi\u00e7os da Informa\u00e7\u00e3o e de Com\u00e9rcio Eletr\u00f3nico.<\/p>\n\n\n\n<p>O fundamento jur\u00eddico para a utiliza\u00e7\u00e3o dos cookies para fins anal\u00edticos de otimiza\u00e7\u00e3o da personaliza\u00e7\u00e3o da publicidade comportamental e de avalia\u00e7\u00e3o \u00e9 o consentimento solicitado, nos termos da al\u00ednea a) do n\u00famero 1 do Artigo 6.\u00aa do Regulamento (UE) 2017\/679.<\/p>\n\n\n\n<p><strong>4. Prazo de conserva\u00e7\u00e3o da informa\u00e7\u00e3o<\/strong><\/p>\n\n\n\n<p>Manteremos as informa\u00e7\u00f5es enquanto tal seja necess\u00e1rio para a presta\u00e7\u00e3o do servi\u00e7o solicitado, at\u00e9 que nos manifeste a sua oposi\u00e7\u00e3o ou at\u00e9 revogar o seu consentimento. Nestes casos, as informa\u00e7\u00f5es ser\u00e3o mantidas devidamente bloqueadas, sem que as possamos utilizar, enquanto forem necess\u00e1rias para o exerc\u00edcio ou defesa de direitos no \u00e2mbito de a\u00e7\u00f5es judiciais ou reivindica\u00e7\u00f5es contratuais. Ap\u00f3s este prazo, os seus dados ser\u00e3o eliminados definitivamente.<\/p>\n\n\n\n<p>Nos casos em que obtemos dados automaticamente atrav\u00e9s de cookies, tenha em conta que alguns podem ficar instalados durante anos. N\u00e3o obstante, pode limitar a sua utiliza\u00e7\u00e3o ao longo do tempo, eliminando os mesmos dos navegadores ou dispositivos.<\/p>\n\n\n\n<p><strong>5. FORMAS DE BLOQUEAR E LIMITAR O USO DE COOKIES:<\/strong><\/p>\n\n\n\n<p>Importa sublinhar que estas tecnologias n\u00e3o s\u00e3o intrusivas, j\u00e1 que todas as informa\u00e7\u00f5es obtidas atrav\u00e9s dos cookies s\u00e3o totalmente an\u00f3nimas e nunca podem ser associadas a um utilizador espec\u00edfico e identificado. Estas informa\u00e7\u00f5es permitem-nos adaptar e melhorar os servi\u00e7os consoante os interesses dos utilizadores. N\u00e3o obstante, o utilizador tem a op\u00e7\u00e3o de impedir a gera\u00e7\u00e3o de cookies, ao selecionar a op\u00e7\u00e3o correspondente no seu navegador. Informamos que, caso desative a utiliza\u00e7\u00e3o de cookies, a navega\u00e7\u00e3o pode ser mais lenta do que \u00e9 habitual.<\/p>\n\n\n\n<p>Nomeadamente, todos os navegadores permitem fazer altera\u00e7\u00f5es que possibilitam desativar a configura\u00e7\u00e3o dos cookies. Estes ajustes est\u00e3o localizados nas \u201cop\u00e7\u00f5es\u201d ou \u201cprefer\u00eancias\u201d do menu do seu navegador. Nas liga\u00e7\u00f5es seguintes, mostramos-lhe como desativar os cookies, seguindo as instru\u00e7\u00f5es dos navegadores mais utilizados:<\/p>\n\n\n\n<ul class=\"wp-block-list\">\n<li>Internet Explorer:&nbsp;<a href=\"http:\/\/windows.microsoft.com\/es-es\/windows-vista\/block-or-allow-cookies\">http:\/\/windows.microsoft.com\/es-es\/windows-vista\/block-or-allow-cookies<\/a><\/li>\n\n\n\n<li>Mozilla Firefox:&nbsp;<a href=\"https:\/\/support.mozilla.org\/es\/kb\/cookies-informacion-que-los-sitios-web-guardan-en-?redirectlocale=en-us&amp;redirectslug=cookies\">https:\/\/support.mozilla.org\/es\/kb\/cookies-informacion-que-los-sitios-web-guardan-en-?redirectlocale=en-us&amp;redirectslug=cookies<\/a><\/li>\n\n\n\n<li>Google Chrome:&nbsp;<a href=\"https:\/\/support.google.com\/chrome\/answer\/95647?hl=es\">https:\/\/support.google.com\/chrome\/answer\/95647?hl=es<\/a><\/li>\n\n\n\n<li><a href=\"https:\/\/support.apple.com\/kb\/ph21411?viewlocale=es_es&amp;locale=es_es\">Safari<\/a>:&nbsp;<a href=\"https:\/\/support.apple.com\/es-es\/guide\/safari\/sfri11471\/mac\">https:\/\/support.apple.com\/es-es\/guide\/safari\/sfri11471\/mac<\/a><\/li>\n<\/ul>\n\n\n\n<p>Por outro lado, caso pretenda bloquear os cookies anal\u00edticos da Google, \u00e9 poss\u00edvel instalar um complemento no navegador, seguindo as instru\u00e7\u00f5es disponibilizadas na seguinte liga\u00e7\u00e3o:&nbsp;https:\/\/tools.google.com\/dlpage\/gaoptout.<\/p>\n\n\n\n<p>Tamb\u00e9m pode alterar a configura\u00e7\u00e3o do consentimento concedido:<\/p>\n\n\n\n<p><strong>CONFIGURAR CONSENTIMENTO<\/strong><\/p>\n\n\n\n<p>BOT\u00c3O PARA ALTERAR AS OP\u00c7\u00d5ES DE COOKIES&nbsp;<\/p>\n\n\n\n<p><strong>6. MAIS INFORMA\u00c7\u00d5ES<\/strong><\/p>\n\n\n\n<p>Para obter mais informa\u00e7\u00f5es sobre o tratamento de dados, recomendamos que consulte a nossa&nbsp;<a href=\"https:\/\/freshsupply.es\/pt-pt\/politica-de-privacidade\/\" data-type=\"page\" data-id=\"152\">pol\u00edtica de privacidade<\/a>. Al\u00e9m disso, se qualquer utilizador tiver quaisquer d\u00favidas sobre estas tecnologias, pode contactar-nos atrav\u00e9s do e-mail <a href=\"mailto:info@freshsupply.es\">info@freshsupply.es<\/a><\/p>\n","protected":false},"excerpt":{"rendered":"<p>As informa\u00e7\u00f5es seguintes sobre a nossa Pol\u00edtica de Cookies refletem o compromisso da FRESH SUPPLY, S.L., com o NIF B98999717 e sede social em C\/ L\u00b4estret 18 Bj, c\u00f3digo postal 46230 de Alginet (Val\u00eancia \u2013 Espanha), na qualidade de respons\u00e1vel pelo tratamento, em utilizar cookies e tecnologias semelhantes garantindo o direito \u00e0 privacidade de todos [&hellip;]<\/p>\n","protected":false},"author":1,"featured_media":0,"parent":0,"menu_order":0,"comment_status":"closed","ping_status":"closed","template":"","meta":{"footnotes":""},"class_list":["post-155","page","type-page","status-publish","hentry"],"acf":[],"_links":{"self":[{"href":"https:\/\/freshsupply.es\/pt-pt\/wp-json\/wp\/v2\/pages\/155","targetHints":{"allow":["GET"]}}],"collection":[{"href":"https:\/\/freshsupply.es\/pt-pt\/wp-json\/wp\/v2\/pages"}],"about":[{"href":"https:\/\/freshsupply.es\/pt-pt\/wp-json\/wp\/v2\/types\/page"}],"author":[{"embeddable":true,"href":"https:\/\/freshsupply.es\/pt-pt\/wp-json\/wp\/v2\/users\/1"}],"replies":[{"embeddable":true,"href":"https:\/\/freshsupply.es\/pt-pt\/wp-json\/wp\/v2\/comments?post=155"}],"version-history":[{"count":4,"href":"https:\/\/freshsupply.es\/pt-pt\/wp-json\/wp\/v2\/pages\/155\/revisions"}],"predecessor-version":[{"id":186,"href":"https:\/\/freshsupply.es\/pt-pt\/wp-json\/wp\/v2\/pages\/155\/revisions\/186"}],"wp:attachment":[{"href":"https:\/\/freshsupply.es\/pt-pt\/wp-json\/wp\/v2\/media?parent=155"}],"curies":[{"name":"wp","href":"https:\/\/api.w.org\/{rel}","templated":true}]}}